{"id":3076,"date":"2021-01-16T17:16:24","date_gmt":"2021-01-16T14:16:24","guid":{"rendered":"https:\/\/www.estuz.com\/our-documents\/"},"modified":"2021-10-21T14:16:38","modified_gmt":"2021-10-21T11:16:38","slug":"our-documents","status":"publish","type":"page","link":"https:\/\/www.estuz.com\/en\/our-documents\/","title":{"rendered":"Our documents"},"content":{"rendered":"<p>[et_pb_section fb_built=&#8221;1&#8243; next_background_color=&#8221;#f9f9f9&#8243; admin_label=&#8221;Hero&#8221; _builder_version=&#8221;4.6.6&#8243; use_background_color_gradient=&#8221;on&#8221; background_color_gradient_start=&#8221;rgba(40,61,75,0.52)&#8221; background_color_gradient_end=&#8221;rgba(128,103,79,0.19)&#8221; background_color_gradient_direction=&#8221;70deg&#8221; background_color_gradient_overlays_image=&#8221;on&#8221; background_image=&#8221;https:\/\/www.estuz.com\/wp-content\/uploads\/2020\/10\/VizyonMisyon.jpg&#8221; min_height=&#8221;381px&#8221; min_height_tablet=&#8221;&#8221; min_height_phone=&#8221;&#8221; min_height_last_edited=&#8221;on|desktop&#8221; custom_margin=&#8221;|||&#8221; custom_padding=&#8221;0vw|||||&#8221; bottom_divider_style=&#8221;mountains2&#8243; bottom_divider_height=&#8221;10vw&#8221; bottom_divider_repeat=&#8221;0.5x&#8221; bottom_divider_flip=&#8221;horizontal|vertical&#8221; global_colors_info=&#8221;{}&#8221;][et_pb_row _builder_version=&#8221;3.25&#8243; custom_margin=&#8221;|||&#8221; custom_padding=&#8221;71px|0px|0|0px|false|false&#8221; global_colors_info=&#8221;{}&#8221;][et_pb_column type=&#8221;4_4&#8243; _builder_version=&#8221;3.25&#8243; custom_padding=&#8221;|||&#8221; global_colors_info=&#8221;{}&#8221; custom_padding__hover=&#8221;|||&#8221;][et_pb_text _builder_version=&#8221;4.6.6&#8243; text_font=&#8221;||||||||&#8221; header_font=&#8221;Montserrat|700|||||||&#8221; header_font_size=&#8221;38px&#8221; header_line_height=&#8221;1.4em&#8221; header_2_font=&#8221;Montserrat||||||||&#8221; header_2_text_color=&#8221;rgba(255,255,255,0.91)&#8221; header_2_font_size=&#8221;32px&#8221; header_2_line_height=&#8221;1.4em&#8221; background_layout=&#8221;dark&#8221; width=&#8221;59%&#8221; width_tablet=&#8221;&#8221; width_phone=&#8221;&#8221; width_last_edited=&#8221;on|desktop&#8221; animation_style=&#8221;slide&#8221; animation_direction=&#8221;right&#8221; animation_intensity_slide=&#8221;4%&#8221; header_font_size_tablet=&#8221;50px&#8221; header_font_size_phone=&#8221;32px&#8221; header_font_size_last_edited=&#8221;on|desktop&#8221; header_2_font_size_tablet=&#8221;&#8221; header_2_font_size_phone=&#8221;24px&#8221; header_2_font_size_last_edited=&#8221;on|phone&#8221; global_colors_info=&#8221;{}&#8221;]<\/p>\n<h1>Our documents<\/h1>\n<h2>May your taste and salt be balanced, your food be delicious &#8230;<\/h2>\n<p>[\/et_pb_text][\/et_pb_column][\/et_pb_row][\/et_pb_section][et_pb_section fb_built=&#8221;1&#8243; admin_label=&#8221;How it works&#8221; _builder_version=&#8221;4.0.10&#8243; background_color=&#8221;#f9f9f9&#8243; locked=&#8221;off&#8221; global_colors_info=&#8221;{}&#8221;][et_pb_row column_structure=&#8221;1_4,1_4,1_4,1_4&#8243; use_custom_gutter=&#8221;on&#8221; gutter_width=&#8221;2&#8243; make_equal=&#8221;on&#8221; _builder_version=&#8221;4.6.6&#8243; global_colors_info=&#8221;{}&#8221;][et_pb_column type=&#8221;1_4&#8243; _builder_version=&#8221;4.6.5&#8243; background_color=&#8221;#ffffff&#8221; custom_padding=&#8221;60px|20px|40px|20px|false|true&#8221; border_width_all=&#8221;2px&#8221; border_color_all=&#8221;#d7dced&#8221; global_colors_info=&#8221;{}&#8221; background__hover_enabled=&#8221;on|hover&#8221; background_color__hover=&#8221;#e8e8e8&#8243; background_enable_color__hover=&#8221;on&#8221;][et_pb_image src=&#8221;https:\/\/www.estuz.com\/wp-content\/uploads\/2020\/10\/Eskisehir-Isletme-Kayit-Belgesi.jpg&#8221; title_text=&#8221;Eski\u015fehir-\u0130\u015fletme-Kay\u0131t-Belgesi&#8221; show_in_lightbox=&#8221;on&#8221; _builder_version=&#8221;4.6.6&#8243; _module_preset=&#8221;default&#8221; global_colors_info=&#8221;{}&#8221;][\/et_pb_image][et_pb_blurb _builder_version=&#8221;4.6.6&#8243; header_level=&#8221;h3&#8243; header_font=&#8221;|700|||||||&#8221; header_text_color=&#8221;#000000&#8243; header_font_size=&#8221;18px&#8221; header_line_height=&#8221;1.6em&#8221; body_font=&#8221;|600|||||||&#8221; body_text_color=&#8221;#000000&#8243; body_font_size=&#8221;16px&#8221; body_line_height=&#8221;1.8em&#8221; text_orientation=&#8221;center&#8221; background_layout=&#8221;dark&#8221; header_font_size_tablet=&#8221;18px&#8221; header_font_size_phone=&#8221;16px&#8221; header_font_size_last_edited=&#8221;on|phone&#8221; locked=&#8221;off&#8221; global_colors_info=&#8221;{}&#8221;]<\/p>\n<p>Eski\u015fehir Business Registration Certificate<\/p>\n<p>[\/et_pb_blurb][\/et_pb_column][et_pb_column type=&#8221;1_4&#8243; _builder_version=&#8221;4.6.5&#8243; custom_padding=&#8221;60px|20px|40px|20px|false|true&#8221; border_width_all=&#8221;2px&#8221; border_color_all=&#8221;#d7dced&#8221; global_colors_info=&#8221;{}&#8221; background__hover_enabled=&#8221;on|hover&#8221; background_color__hover=&#8221;#efefef&#8221; background_enable_color__hover=&#8221;on&#8221;][et_pb_image src=&#8221;https:\/\/www.estuz.com\/wp-content\/uploads\/2020\/10\/izmir-isletme-kayit-belgesi.jpg&#8221; title_text=&#8221;izmir-i\u015fletme-kay\u0131t-belgesi&#8221; show_in_lightbox=&#8221;on&#8221; _builder_version=&#8221;4.6.6&#8243; _module_preset=&#8221;default&#8221; global_colors_info=&#8221;{}&#8221;][\/et_pb_image][et_pb_blurb _builder_version=&#8221;4.6.6&#8243; header_level=&#8221;h3&#8243; header_font=&#8221;|700|||||||&#8221; header_text_color=&#8221;#000000&#8243; header_font_size=&#8221;18px&#8221; header_line_height=&#8221;1.6em&#8221; body_font=&#8221;|600|||||||&#8221; body_text_color=&#8221;#000000&#8243; body_font_size=&#8221;16px&#8221; body_line_height=&#8221;1.8em&#8221; text_orientation=&#8221;center&#8221; background_layout=&#8221;dark&#8221; header_font_size_tablet=&#8221;18px&#8221; header_font_size_phone=&#8221;16px&#8221; header_font_size_last_edited=&#8221;on|phone&#8221; locked=&#8221;off&#8221; global_colors_info=&#8221;{}&#8221;]<\/p>\n<p>\u0130zmir Business Registration Certificate<\/p>\n<p>[\/et_pb_blurb][\/et_pb_column][et_pb_column type=&#8221;1_4&#8243; _builder_version=&#8221;4.6.5&#8243; background_color=&#8221;#ffffff&#8221; custom_padding=&#8221;60px|20px|40px|20px|false|true&#8221; border_width_all=&#8221;2px&#8221; border_color_all=&#8221;#d7dced&#8221; global_colors_info=&#8221;{}&#8221; background__hover_enabled=&#8221;on|hover&#8221; background_color__hover=&#8221;#e8e8e8&#8243; background_enable_color__hover=&#8221;on&#8221;][et_pb_image src=&#8221;https:\/\/www.estuz.com\/wp-content\/uploads\/2021\/01\/afyonkarahisar.jpg&#8221; title_text=&#8221;afyonkarahisar&#8221; show_in_lightbox=&#8221;on&#8221; _builder_version=&#8221;4.7.4&#8243; _module_preset=&#8221;default&#8221; global_colors_info=&#8221;{}&#8221;][\/et_pb_image][et_pb_blurb _builder_version=&#8221;4.6.6&#8243; header_level=&#8221;h3&#8243; header_font=&#8221;|700|||||||&#8221; header_font_size=&#8221;18px&#8221; header_line_height=&#8221;1.6em&#8221; body_font=&#8221;|600|||||||&#8221; body_text_align=&#8221;center&#8221; body_font_size=&#8221;16px&#8221; body_line_height=&#8221;1.8em&#8221; header_font_size_tablet=&#8221;18px&#8221; header_font_size_phone=&#8221;16px&#8221; header_font_size_last_edited=&#8221;on|phone&#8221; locked=&#8221;off&#8221; global_colors_info=&#8221;{}&#8221;]<\/p>\n<p>Afyonkarahisar Business Registration Certificate<\/p>\n<p>[\/et_pb_blurb][\/et_pb_column][et_pb_column type=&#8221;1_4&#8243; _builder_version=&#8221;4.6.6&#8243; background_color=&#8221;#ffffff&#8221; background_enable_color=&#8221;off&#8221; custom_padding=&#8221;60px|20px|40px|20px|false|true&#8221; border_width_all=&#8221;2px&#8221; border_color_all=&#8221;#d7dced&#8221; global_colors_info=&#8221;{}&#8221; background__hover_enabled=&#8221;on|hover&#8221; background_color__hover=&#8221;#e8e8e8&#8243; background_enable_color__hover=&#8221;on&#8221;][et_pb_image src=&#8221;https:\/\/www.estuz.com\/wp-content\/uploads\/2021\/10\/HELAL-2021.jpg&#8221; title_text=&#8221;HELAL-2021&#8243; show_in_lightbox=&#8221;on&#8221; _builder_version=&#8221;4.11.0&#8243; _module_preset=&#8221;default&#8221; global_colors_info=&#8221;{}&#8221;][\/et_pb_image][et_pb_blurb _builder_version=&#8221;4.11.0&#8243; header_level=&#8221;h3&#8243; header_font=&#8221;|700|||||||&#8221; header_font_size=&#8221;18px&#8221; header_line_height=&#8221;1.6em&#8221; body_font=&#8221;|600|||||||&#8221; body_font_size=&#8221;16px&#8221; body_line_height=&#8221;1.8em&#8221; text_orientation=&#8221;center&#8221; header_font_size_tablet=&#8221;18px&#8221; header_font_size_phone=&#8221;16px&#8221; header_font_size_last_edited=&#8221;on|phone&#8221; locked=&#8221;off&#8221; global_colors_info=&#8221;{}&#8221;]HELAL-2021[\/et_pb_blurb][\/et_pb_column][\/et_pb_row][et_pb_row column_structure=&#8221;1_4,1_4,1_4,1_4&#8243; use_custom_gutter=&#8221;on&#8221; gutter_width=&#8221;2&#8243; make_equal=&#8221;on&#8221; _builder_version=&#8221;4.6.6&#8243; global_colors_info=&#8221;{}&#8221;][et_pb_column type=&#8221;1_4&#8243; _builder_version=&#8221;4.6.5&#8243; custom_padding=&#8221;60px|20px|40px|20px|false|true&#8221; border_width_all=&#8221;2px&#8221; border_color_all=&#8221;#d7dced&#8221; global_colors_info=&#8221;{}&#8221; background__hover_enabled=&#8221;on|hover&#8221; background_color__hover=&#8221;#efefef&#8221; background_enable_color__hover=&#8221;on&#8221;][et_pb_image src=&#8221;https:\/\/www.estuz.com\/wp-content\/uploads\/2021\/10\/KOSHER-IZMIR-1.jpg&#8221; title_text=&#8221;KOSHER-\u0130ZM\u0130R-1&#8243; show_in_lightbox=&#8221;on&#8221; _builder_version=&#8221;4.11.0&#8243; _module_preset=&#8221;default&#8221; global_colors_info=&#8221;{}&#8221;][\/et_pb_image][et_pb_blurb _builder_version=&#8221;4.6.6&#8243; header_level=&#8221;h3&#8243; header_font=&#8221;|700|||||||&#8221; header_font_size=&#8221;18px&#8221; header_line_height=&#8221;1.6em&#8221; body_font=&#8221;|600|||||||&#8221; body_font_size=&#8221;16px&#8221; body_line_height=&#8221;1.8em&#8221; text_orientation=&#8221;center&#8221; header_font_size_tablet=&#8221;18px&#8221; header_font_size_phone=&#8221;16px&#8221; header_font_size_last_edited=&#8221;on|phone&#8221; locked=&#8221;off&#8221; global_colors_info=&#8221;{}&#8221;]KOSHER \u0130zmir(1)[\/et_pb_blurb][\/et_pb_column][et_pb_column type=&#8221;1_4&#8243; _builder_version=&#8221;4.6.5&#8243; background_color=&#8221;#ffffff&#8221; custom_padding=&#8221;60px|20px|40px|20px|false|true&#8221; border_width_all=&#8221;2px&#8221; border_color_all=&#8221;#d7dced&#8221; global_colors_info=&#8221;{}&#8221; background__hover_enabled=&#8221;on|hover&#8221; background_color__hover=&#8221;#e8e8e8&#8243; background_enable_color__hover=&#8221;on&#8221;][et_pb_image src=&#8221;https:\/\/www.estuz.com\/wp-content\/uploads\/2021\/10\/KOSHER-IZMIR-2.jpg&#8221; title_text=&#8221;KOSHER-\u0130ZM\u0130R-2&#8243; show_in_lightbox=&#8221;on&#8221; _builder_version=&#8221;4.11.0&#8243; _module_preset=&#8221;default&#8221; global_colors_info=&#8221;{}&#8221;][\/et_pb_image][et_pb_blurb _builder_version=&#8221;4.6.6&#8243; header_level=&#8221;h3&#8243; header_font=&#8221;|700|||||||&#8221; header_font_size=&#8221;18px&#8221; header_line_height=&#8221;1.6em&#8221; body_font=&#8221;|600|||||||&#8221; body_font_size=&#8221;16px&#8221; body_line_height=&#8221;1.8em&#8221; text_orientation=&#8221;center&#8221; header_font_size_tablet=&#8221;18px&#8221; header_font_size_phone=&#8221;16px&#8221; header_font_size_last_edited=&#8221;on|phone&#8221; locked=&#8221;off&#8221; global_colors_info=&#8221;{}&#8221;]KOSHER \u0130zmir(2)[\/et_pb_blurb][\/et_pb_column][et_pb_column type=&#8221;1_4&#8243; _builder_version=&#8221;4.6.6&#8243; background_color=&#8221;#ffffff&#8221; background_enable_color=&#8221;off&#8221; custom_padding=&#8221;60px|20px|40px|20px|false|true&#8221; border_width_all=&#8221;2px&#8221; border_color_all=&#8221;#d7dced&#8221; global_colors_info=&#8221;{}&#8221; background__hover_enabled=&#8221;on|hover&#8221; background_color__hover=&#8221;#e8e8e8&#8243; background_enable_color__hover=&#8221;on&#8221;][et_pb_image src=&#8221;https:\/\/www.estuz.com\/wp-content\/uploads\/2021\/10\/ISO-9001-2015.jpg&#8221; title_text=&#8221;ISO-9001-2015&#8243; show_in_lightbox=&#8221;on&#8221; _builder_version=&#8221;4.11.0&#8243; _module_preset=&#8221;default&#8221; global_colors_info=&#8221;{}&#8221;][\/et_pb_image][et_pb_blurb _builder_version=&#8221;4.7.4&#8243; header_level=&#8221;h3&#8243; header_font=&#8221;|700|||||||&#8221; header_font_size=&#8221;18px&#8221; header_line_height=&#8221;1.6em&#8221; body_font=&#8221;|600|||||||&#8221; body_font_size=&#8221;16px&#8221; body_line_height=&#8221;1.8em&#8221; text_orientation=&#8221;center&#8221; header_font_size_tablet=&#8221;18px&#8221; header_font_size_phone=&#8221;16px&#8221; header_font_size_last_edited=&#8221;on|phone&#8221; locked=&#8221;off&#8221; global_colors_info=&#8221;{}&#8221;]ISO 9001:2015[\/et_pb_blurb][\/et_pb_column][et_pb_column type=&#8221;1_4&#8243; _builder_version=&#8221;4.6.5&#8243; background_color=&#8221;#ffffff&#8221; custom_padding=&#8221;60px|20px|40px|20px|false|true&#8221; border_width_all=&#8221;2px&#8221; border_color_all=&#8221;#d7dced&#8221; global_colors_info=&#8221;{}&#8221; background__hover_enabled=&#8221;on|hover&#8221; background_color__hover=&#8221;#e8e8e8&#8243; background_enable_color__hover=&#8221;on&#8221;][et_pb_image src=&#8221;https:\/\/www.estuz.com\/wp-content\/uploads\/2021\/10\/ISO-22000-2018.jpg&#8221; title_text=&#8221;ISO-22000-2018&#8243; show_in_lightbox=&#8221;on&#8221; _builder_version=&#8221;4.11.0&#8243; _module_preset=&#8221;default&#8221; global_colors_info=&#8221;{}&#8221;][\/et_pb_image][et_pb_blurb _builder_version=&#8221;4.7.4&#8243; header_level=&#8221;h3&#8243; header_font=&#8221;|700|||||||&#8221; header_text_color=&#8221;#000000&#8243; header_font_size=&#8221;18px&#8221; header_line_height=&#8221;1.6em&#8221; body_font=&#8221;|600|||||||&#8221; body_text_color=&#8221;#000000&#8243; body_font_size=&#8221;16px&#8221; body_line_height=&#8221;1.8em&#8221; text_orientation=&#8221;center&#8221; background_layout=&#8221;dark&#8221; header_font_size_tablet=&#8221;18px&#8221; header_font_size_phone=&#8221;16px&#8221; header_font_size_last_edited=&#8221;on|phone&#8221; locked=&#8221;off&#8221; global_colors_info=&#8221;{}&#8221;]ISO 9001:2005[\/et_pb_blurb][\/et_pb_column][\/et_pb_row][\/et_pb_section]<\/p>\n","protected":false},"excerpt":{"rendered":"<p>Our documents May your taste and salt be balanced, your food be delicious &#8230;Eski\u015fehir Business Registration Certificate\u0130zmir Business Registration CertificateAfyonkarahisar Business Registration CertificateHELAL-2021KOSHER \u0130zmir(1)KOSHER \u0130zmir(2)ISO 9001:2015ISO 9001:2005<\/p>\n","protected":false},"author":1,"featured_media":0,"parent":0,"menu_order":0,"comment_status":"closed","ping_status":"closed","template":"","meta":{"_et_pb_use_builder":"on","_et_pb_old_content":"","_et_gb_content_width":""},"aioseo_notices":[],"_links":{"self":[{"href":"https:\/\/www.estuz.com\/en\/wp-json\/wp\/v2\/pages\/3076"}],"collection":[{"href":"https:\/\/www.estuz.com\/en\/wp-json\/wp\/v2\/pages"}],"about":[{"href":"https:\/\/www.estuz.com\/en\/wp-json\/wp\/v2\/types\/page"}],"author":[{"embeddable":true,"href":"https:\/\/www.estuz.com\/en\/wp-json\/wp\/v2\/users\/1"}],"replies":[{"embeddable":true,"href":"https:\/\/www.estuz.com\/en\/wp-json\/wp\/v2\/comments?post=3076"}],"version-history":[{"count":6,"href":"https:\/\/www.estuz.com\/en\/wp-json\/wp\/v2\/pages\/3076\/revisions"}],"predecessor-version":[{"id":3879,"href":"https:\/\/www.estuz.com\/en\/wp-json\/wp\/v2\/pages\/3076\/revisions\/3879"}],"wp:attachment":[{"href":"https:\/\/www.estuz.com\/en\/wp-json\/wp\/v2\/media?parent=3076"}],"curies":[{"name":"wp","href":"https:\/\/api.w.org\/{rel}","templated":true}]}}