{"id":3541,"date":"2021-02-24T12:45:31","date_gmt":"2021-02-24T09:45:31","guid":{"rendered":"https:\/\/www.estuz.com\/kaya-tuzu\/"},"modified":"2021-02-24T12:45:32","modified_gmt":"2021-02-24T09:45:32","slug":"kaya-tuzu","status":"publish","type":"page","link":"https:\/\/www.estuz.com\/en\/kaya-tuzu\/","title":{"rendered":"Kaya Tuzu"},"content":{"rendered":"<p>[et_pb_section fb_built=&#8221;1&#8243; next_background_color=&#8221;#ffffff&#8221; admin_label=&#8221;Hero&#8221; _builder_version=&#8221;4.6.6&#8243; use_background_color_gradient=&#8221;on&#8221; background_color_gradient_start=&#8221;rgba(40,61,75,0.52)&#8221; background_color_gradient_end=&#8221;rgba(128,103,79,0.19)&#8221; background_color_gradient_direction=&#8221;70deg&#8221; background_color_gradient_overlays_image=&#8221;on&#8221; background_image=&#8221;https:\/\/www.estuz.com\/wp-content\/uploads\/2020\/10\/YolTuzuSlider.jpg&#8221; min_height=&#8221;381px&#8221; min_height_tablet=&#8221;&#8221; min_height_phone=&#8221;&#8221; min_height_last_edited=&#8221;on|desktop&#8221; custom_margin=&#8221;|||&#8221; custom_padding=&#8221;0vw|||||&#8221; bottom_divider_style=&#8221;mountains2&#8243; bottom_divider_height=&#8221;10vw&#8221; bottom_divider_repeat=&#8221;0.5x&#8221; bottom_divider_flip=&#8221;horizontal|vertical&#8221;][et_pb_row _builder_version=&#8221;3.25&#8243; custom_margin=&#8221;|||&#8221; custom_padding=&#8221;71px|0px|0|0px|false|false&#8221;][et_pb_column type=&#8221;4_4&#8243; _builder_version=&#8221;3.25&#8243; custom_padding=&#8221;|||&#8221; custom_padding__hover=&#8221;|||&#8221;][et_pb_text _builder_version=&#8221;4.7.4&#8243; text_font=&#8221;||||||||&#8221; header_font=&#8221;Montserrat|700|||||||&#8221; header_font_size=&#8221;38px&#8221; header_line_height=&#8221;1.4em&#8221; header_2_font=&#8221;Montserrat||||||||&#8221; header_2_text_color=&#8221;rgba(255,255,255,0.91)&#8221; header_2_font_size=&#8221;32px&#8221; header_2_line_height=&#8221;1.4em&#8221; background_layout=&#8221;dark&#8221; width=&#8221;59%&#8221; width_tablet=&#8221;&#8221; width_phone=&#8221;&#8221; width_last_edited=&#8221;on|desktop&#8221; animation_style=&#8221;slide&#8221; animation_direction=&#8221;right&#8221; animation_intensity_slide=&#8221;4%&#8221; hover_enabled=&#8221;0&#8243; header_font_size_tablet=&#8221;50px&#8221; header_font_size_phone=&#8221;32px&#8221; header_font_size_last_edited=&#8221;on|desktop&#8221; header_2_font_size_tablet=&#8221;&#8221; header_2_font_size_phone=&#8221;24px&#8221; header_2_font_size_last_edited=&#8221;on|phone&#8221; sticky_enabled=&#8221;0&#8243;]<\/p>\n<h1>KAYA TUZU<\/h1>\n<h2>Tad\u0131n\u0131z tuzunuz dengeli, yemekleriniz lezzetli olsun\u2026<\/h2>\n<p>[\/et_pb_text][\/et_pb_column][\/et_pb_row][\/et_pb_section][et_pb_section fb_built=&#8221;1&#8243; _builder_version=&#8221;4.6.6&#8243; _module_preset=&#8221;default&#8221; min_height=&#8221;377px&#8221; min_height_tablet=&#8221;&#8221; min_height_phone=&#8221;&#8221; min_height_last_edited=&#8221;on|desktop&#8221; custom_padding=&#8221;47px||0px|||&#8221;][et_pb_row column_structure=&#8221;2_5,3_5&#8243; _builder_version=&#8221;4.6.6&#8243; _module_preset=&#8221;default&#8221; custom_padding=&#8221;||42px|||&#8221;][et_pb_column type=&#8221;2_5&#8243; _builder_version=&#8221;4.6.5&#8243; _module_preset=&#8221;default&#8221;][et_pb_image src=&#8221;https:\/\/www.estuz.com\/wp-content\/uploads\/2020\/10\/AnaGorsel-2.png&#8221; title_text=&#8221;AnaGorsel&#8221; _builder_version=&#8221;4.6.6&#8243; _module_preset=&#8221;default&#8221; box_shadow_style=&#8221;preset4&#8243; box_shadow_color=&#8221;#123167&#8243;][\/et_pb_image][\/et_pb_column][et_pb_column type=&#8221;3_5&#8243; _builder_version=&#8221;4.6.5&#8243; _module_preset=&#8221;default&#8221;][et_pb_text _builder_version=&#8221;4.6.6&#8243; _module_preset=&#8221;default&#8221; text_font=&#8221;||||||||&#8221; text_text_color=&#8221;#061c43&#8243; text_font_size=&#8221;16px&#8221; header_3_font_size=&#8221;23px&#8221; custom_margin=&#8221;3px||||false|false&#8221; custom_margin_tablet=&#8221;&#8221; custom_margin_phone=&#8221;&#8221; custom_margin_last_edited=&#8221;on|desktop&#8221;]<\/p>\n<p>\u00d6zellikle yo\u011fun k\u0131\u015f \u015fartlar\u0131 alt\u0131nda ula\u015f\u0131m\u0131n aksamamas\u0131 ve genel trafik ak\u0131\u015f\u0131n\u0131n etkilenmemesi i\u00e7in yol ve zeminlerde kullan\u0131l\u0131r. <strong>Kar<\/strong>, s\u00fcr\u00fcc\u00fcn\u00fcn g\u00f6r\u00fc\u015f\u00fcn\u00fc engellemesi, eriyip buza d\u00f6n\u00fc\u015fme ihtimali nedeniyle olduk\u00e7a tehlikelidir. <strong>Tuz<\/strong>; etkili, kullan\u0131m\u0131 <strong>kolay ve daha ekonomik<\/strong> bir \u00fcr\u00fcn olmas\u0131 nedeniyle t\u00fcm d\u00fcnyan\u0131n tercih etti\u011fi ve yayg\u0131n olarak kulland\u0131\u011f\u0131 bir \u00fcr\u00fcnd\u00fcr.<\/p>\n<p>[\/et_pb_text][et_pb_text _builder_version=&#8221;4.7.4&#8243; _module_preset=&#8221;default&#8221; text_font=&#8221;||||||||&#8221; text_text_color=&#8221;#ffffff&#8221; text_font_size=&#8221;18px&#8221; header_2_font=&#8221;||||||||&#8221; header_2_text_color=&#8221;#061c43&#8243; header_2_font_size=&#8221;32px&#8221; header_3_font_size=&#8221;23px&#8221; custom_margin=&#8221;3px||||false|false&#8221; custom_margin_tablet=&#8221;&#8221; custom_margin_phone=&#8221;&#8221; custom_margin_last_edited=&#8221;on|desktop&#8221; hover_enabled=&#8221;0&#8243; sticky_enabled=&#8221;0&#8243;]<\/p>\n<h2>Ambalaj \u015eekli:<\/h2>\n<p>[\/et_pb_text][et_pb_text _builder_version=&#8221;4.6.6&#8243; _module_preset=&#8221;default&#8221; text_font=&#8221;||||||||&#8221; text_text_color=&#8221;#000000&#8243; text_font_size=&#8221;16px&#8221; header_3_font_size=&#8221;23px&#8221; custom_margin=&#8221;3px||||false|false&#8221; custom_margin_tablet=&#8221;&#8221; custom_margin_phone=&#8221;&#8221; custom_margin_last_edited=&#8221;on|desktop&#8221;]10, 25, 50 ve 1000 Kg \u2018l\u0131k ambalajlarda farkl\u0131 tane boyutlar\u0131nda \u00fcretilmekte ve sat\u0131\u015fa sunulmaktad\u0131r.[\/et_pb_text][\/et_pb_column][\/et_pb_row][\/et_pb_section][et_pb_section fb_built=&#8221;1&#8243; _builder_version=&#8221;4.6.6&#8243; _module_preset=&#8221;default&#8221; custom_padding=&#8221;2px||14px|||&#8221;][et_pb_row _builder_version=&#8221;4.6.6&#8243; _module_preset=&#8221;default&#8221;][et_pb_column type=&#8221;4_4&#8243; _builder_version=&#8221;4.6.6&#8243; _module_preset=&#8221;default&#8221;][et_pb_gallery gallery_ids=&#8221;2829,2827,2823,2825&#8243; show_title_and_caption=&#8221;off&#8221; show_pagination=&#8221;off&#8221; zoom_icon_color=&#8221;#123167&#8243; hover_overlay_color=&#8221;rgba(255,255,255,0.49)&#8221; hover_icon=&#8221;%%51%%&#8221; _builder_version=&#8221;4.7.4&#8243; _module_preset=&#8221;default&#8221; hover_enabled=&#8221;0&#8243; box_shadow_style_image=&#8221;preset4&#8243; box_shadow_horizontal_image=&#8221;6px&#8221; box_shadow_vertical_image=&#8221;6px&#8221; box_shadow_color_image=&#8221;#061c43&#8243; sticky_enabled=&#8221;0&#8243;][\/et_pb_gallery][\/et_pb_column][\/et_pb_row][\/et_pb_section]<\/p>\n","protected":false},"excerpt":{"rendered":"<p>KAYA TUZU Tad\u0131n\u0131z tuzunuz dengeli, yemekleriniz lezzetli olsun\u2026\u00d6zellikle yo\u011fun k\u0131\u015f \u015fartlar\u0131 alt\u0131nda ula\u015f\u0131m\u0131n aksamamas\u0131 ve genel trafik ak\u0131\u015f\u0131n\u0131n etkilenmemesi i\u00e7in yol ve zeminlerde kullan\u0131l\u0131r. Kar, s\u00fcr\u00fcc\u00fcn\u00fcn g\u00f6r\u00fc\u015f\u00fcn\u00fc engellemesi, eriyip buza d\u00f6n\u00fc\u015fme ihtimali nedeniyle olduk\u00e7a tehlikelidir. Tuz; etkili, kullan\u0131m\u0131 kolay ve daha ekonomik bir \u00fcr\u00fcn olmas\u0131 nedeniyle t\u00fcm d\u00fcnyan\u0131n tercih etti\u011fi ve yayg\u0131n olarak kulland\u0131\u011f\u0131 bir [&hellip;]<\/p>\n","protected":false},"author":3,"featured_media":0,"parent":0,"menu_order":0,"comment_status":"closed","ping_status":"closed","template":"","meta":{"_et_pb_use_builder":"on","_et_pb_old_content":"","_et_gb_content_width":""},"aioseo_notices":[],"_links":{"self":[{"href":"https:\/\/www.estuz.com\/en\/wp-json\/wp\/v2\/pages\/3541"}],"collection":[{"href":"https:\/\/www.estuz.com\/en\/wp-json\/wp\/v2\/pages"}],"about":[{"href":"https:\/\/www.estuz.com\/en\/wp-json\/wp\/v2\/types\/page"}],"author":[{"embeddable":true,"href":"https:\/\/www.estuz.com\/en\/wp-json\/wp\/v2\/users\/3"}],"replies":[{"embeddable":true,"href":"https:\/\/www.estuz.com\/en\/wp-json\/wp\/v2\/comments?post=3541"}],"version-history":[{"count":3,"href":"https:\/\/www.estuz.com\/en\/wp-json\/wp\/v2\/pages\/3541\/revisions"}],"predecessor-version":[{"id":3544,"href":"https:\/\/www.estuz.com\/en\/wp-json\/wp\/v2\/pages\/3541\/revisions\/3544"}],"wp:attachment":[{"href":"https:\/\/www.estuz.com\/en\/wp-json\/wp\/v2\/media?parent=3541"}],"curies":[{"name":"wp","href":"https:\/\/api.w.org\/{rel}","templated":true}]}}